{"id":9797,"date":"2025-02-04T18:21:16","date_gmt":"2025-02-04T18:21:16","guid":{"rendered":"https:\/\/grafimpres.cl\/?post_type=product&#038;p=9797"},"modified":"2025-02-04T18:22:02","modified_gmt":"2025-02-04T18:22:02","slug":"objetos-y-materiales-impresos","status":"publish","type":"product","link":"https:\/\/grafimpres.cl\/index.php\/producto\/objetos-y-materiales-impresos\/","title":{"rendered":"Objetos y Materiales Impresos"},"content":{"rendered":"<section class=\"l-section wpb_row height_custom\"><div class=\"l-section-h i-cf\"><div class=\"g-cols via_grid cols_1 laptops-cols_inherit tablets-cols_inherit mobiles-cols_1 valign_top type_default\"><div class=\"wpb_column vc_column_container\"><div class=\"vc_column-inner\"><div class=\"wpb_text_column\"><div class=\"wpb_wrapper\"><p>En Grafimpres, nos especializamos en una gran variedad de productos impresos para satisfacer todas las necesidades de tu negocio o proyecto personal. Desde imprentas de libros, revistas y folletos, hasta productos m\u00e1s especializados como autoadhesivos, calendarios, imanes y tarjetas de presentaci\u00f3n. Adem\u00e1s, ofrecemos opciones personalizadas en d\u00edpticos, tr\u00edpticos y postales, ideales para campa\u00f1as publicitarias o materiales promocionales. Nuestro objetivo es proporcionarte productos de la m\u00e1s alta calidad, garantizando que cada impresi\u00f3n se ajuste a tus expectativas y necesidades.<\/p>\n<\/div><\/div><div class=\"w-separator size_medium\"><\/div><div class=\"wpb_text_column\"><div class=\"wpb_wrapper\"><div id=\"divtags\">\n<h1>Imprenta de agendas<\/h1>\n<h1>Imprenta de libros<\/h1>\n<h1>Imprenta de afiches<\/h1>\n<h1>Imprenta de afiches publicitarios<\/h1>\n<h1>Imprenta de Autoadhesivos<\/h1>\n<h1>Imprenta de calendarios<\/h1>\n<h1>Imprenta de carteles y banners<\/h1>\n<h1>Imprenta de cuaderno<\/h1>\n<h1>Imprenta de diplomas<\/h1>\n<h1>Imprenta de d\u00edpticos<\/h1>\n<h1>Imprenta de envases<\/h1>\n<h1>Imprenta de etiquetas<\/h1>\n<h1>Imprenta de folletos<\/h1>\n<h1>Imprenta de folletos y volantes<\/h1>\n<h1>Imprenta de gran formato<\/h1>\n<h1>Imprenta de imanes<\/h1>\n<h1>Imprenta de postales<\/h1>\n<h1>Imprenta de revistas<\/h1>\n<h1>Imprenta de sobres<\/h1>\n<h1>Imprenta de stickers<\/h1>\n<h1>Imprenta de tarjetas de presentaci\u00f3n<\/h1>\n<h1>Imprenta de tr\u00edpticos<\/h1>\n<h1>Imprenta de volantes<\/h1>\n<\/div>\n<\/div><\/div><\/div><\/div><\/div><\/div><\/section>\n","protected":false},"excerpt":{"rendered":"En Grafimpres, nos especializamos en una gran variedad de productos impresos para satisfacer todas las necesidades de tu negocio o proyecto personal. Desde imprentas de libros, revistas y folletos, hasta productos m\u00e1s especializados como autoadhesivos, calendarios, imanes y tarjetas de presentaci\u00f3n. Adem\u00e1s, ofrecemos opciones personalizadas en d\u00edpticos, tr\u00edpticos y postales, ideales para campa\u00f1as publicitarias o...","protected":false},"featured_media":9798,"template":"","meta":[],"product_cat":[114],"product_tag":[],"class_list":{"0":"post-9797","1":"product","2":"type-product","3":"status-publish","4":"has-post-thumbnail","6":"product_cat-novedades","8":"first","9":"instock","10":"shipping-taxable","11":"product-type-simple"},"acf":[],"_links":{"self":[{"href":"https:\/\/grafimpres.cl\/index.php\/wp-json\/wp\/v2\/product\/9797"}],"collection":[{"href":"https:\/\/grafimpres.cl\/index.php\/wp-json\/wp\/v2\/product"}],"about":[{"href":"https:\/\/grafimpres.cl\/index.php\/wp-json\/wp\/v2\/types\/product"}],"wp:featuredmedia":[{"embeddable":true,"href":"https:\/\/grafimpres.cl\/index.php\/wp-json\/wp\/v2\/media\/9798"}],"wp:attachment":[{"href":"https:\/\/grafimpres.cl\/index.php\/wp-json\/wp\/v2\/media?parent=9797"}],"wp:term":[{"taxonomy":"product_cat","embeddable":true,"href":"https:\/\/grafimpres.cl\/index.php\/wp-json\/wp\/v2\/product_cat?post=9797"},{"taxonomy":"product_tag","embeddable":true,"href":"https:\/\/grafimpres.cl\/index.php\/wp-json\/wp\/v2\/product_tag?post=9797"}],"curies":[{"name":"wp","href":"https:\/\/api.w.org\/{rel}","templated":true}]}}