{"id":9795,"date":"2025-02-04T18:15:44","date_gmt":"2025-02-04T18:15:44","guid":{"rendered":"https:\/\/grafimpres.cl\/?post_type=product&#038;p=9795"},"modified":"2025-02-04T18:22:24","modified_gmt":"2025-02-04T18:22:24","slug":"servicios-de-impresion","status":"publish","type":"product","link":"https:\/\/grafimpres.cl\/index.php\/producto\/servicios-de-impresion\/","title":{"rendered":"Servicios de Impresi\u00f3n"},"content":{"rendered":"<section class=\"l-section wpb_row height_custom\"><div class=\"l-section-h i-cf\"><div class=\"g-cols via_grid cols_1 laptops-cols_inherit tablets-cols_inherit mobiles-cols_1 valign_top type_default\"><div class=\"wpb_column vc_column_container\"><div class=\"vc_column-inner\"><div class=\"wpb_text_column\"><div class=\"wpb_wrapper\"><p>En Grafimpres ofrecemos una amplia variedad de t\u00e9cnicas de impresi\u00f3n, desde la impresi\u00f3n offset tradicional, que asegura una reproducci\u00f3n precisa y detallada de tus materiales, hasta la impresi\u00f3n digital, ideal para tiradas cortas y personalizadas. Nuestra oferta incluye servicios de impresi\u00f3n personalizada, donde nos adaptamos a tus necesidades espec\u00edficas, ya sea para una campa\u00f1a publicitaria o un proyecto empresarial. Adem\u00e1s, contamos con impresi\u00f3n en gran formato, perfecta para carteles, banners y otros materiales promocionales. Nos enorgullece ofrecer soluciones completas que se ajusten a la visi\u00f3n de cada cliente.<\/p>\n<\/div><\/div><div class=\"w-separator size_medium\"><\/div><div class=\"wpb_text_column\"><div class=\"wpb_wrapper\"><div id=\"divtags\">\n<h1>Imprenta Offset<\/h1>\n<h1>Impresi\u00f3n digital<\/h1>\n<h1>Impresiones Offset<\/h1>\n<h1>Impresi\u00f3n personalizada<\/h1>\n<h1>Servicio de impresi\u00f3n<\/h1>\n<\/div>\n<\/div><\/div><\/div><\/div><\/div><\/div><\/section>\n","protected":false},"excerpt":{"rendered":"En Grafimpres ofrecemos una amplia variedad de t\u00e9cnicas de impresi\u00f3n, desde la impresi\u00f3n offset tradicional, que asegura una reproducci\u00f3n precisa y detallada de tus materiales, hasta la impresi\u00f3n digital, ideal para tiradas cortas y personalizadas. Nuestra oferta incluye servicios de impresi\u00f3n personalizada, donde nos adaptamos a tus necesidades espec\u00edficas, ya sea para una campa\u00f1a publicitaria...","protected":false},"featured_media":9796,"template":"","meta":[],"product_cat":[114],"product_tag":[],"class_list":{"0":"post-9795","1":"product","2":"type-product","3":"status-publish","4":"has-post-thumbnail","6":"product_cat-novedades","8":"first","9":"instock","10":"shipping-taxable","11":"product-type-simple"},"acf":[],"_links":{"self":[{"href":"https:\/\/grafimpres.cl\/index.php\/wp-json\/wp\/v2\/product\/9795"}],"collection":[{"href":"https:\/\/grafimpres.cl\/index.php\/wp-json\/wp\/v2\/product"}],"about":[{"href":"https:\/\/grafimpres.cl\/index.php\/wp-json\/wp\/v2\/types\/product"}],"wp:featuredmedia":[{"embeddable":true,"href":"https:\/\/grafimpres.cl\/index.php\/wp-json\/wp\/v2\/media\/9796"}],"wp:attachment":[{"href":"https:\/\/grafimpres.cl\/index.php\/wp-json\/wp\/v2\/media?parent=9795"}],"wp:term":[{"taxonomy":"product_cat","embeddable":true,"href":"https:\/\/grafimpres.cl\/index.php\/wp-json\/wp\/v2\/product_cat?post=9795"},{"taxonomy":"product_tag","embeddable":true,"href":"https:\/\/grafimpres.cl\/index.php\/wp-json\/wp\/v2\/product_tag?post=9795"}],"curies":[{"name":"wp","href":"https:\/\/api.w.org\/{rel}","templated":true}]}}