{"id":9793,"date":"2025-02-04T18:14:04","date_gmt":"2025-02-04T18:14:04","guid":{"rendered":"https:\/\/grafimpres.cl\/?post_type=product&#038;p=9793"},"modified":"2025-02-04T18:22:20","modified_gmt":"2025-02-04T18:22:20","slug":"imprentas-y-empresas-de-graficas","status":"publish","type":"product","link":"https:\/\/grafimpres.cl\/index.php\/producto\/imprentas-y-empresas-de-graficas\/","title":{"rendered":"Imprentas y Empresas de Gr\u00e1ficas"},"content":{"rendered":"<section class=\"l-section wpb_row height_custom\"><div class=\"l-section-h i-cf\"><div class=\"g-cols via_grid cols_1 laptops-cols_inherit tablets-cols_inherit mobiles-cols_1 valign_top type_default\"><div class=\"wpb_column vc_column_container\"><div class=\"vc_column-inner\"><div class=\"wpb_text_column\"><div class=\"wpb_wrapper\"><p>En <strong>Grafimpres<\/strong>, somos una empresa especializada en soluciones gr\u00e1ficas que se adapta a las necesidades de cada cliente. Nos dedicamos a ofrecer servicios de impresi\u00f3n de alta calidad para empresas y particulares, con atenci\u00f3n personalizada en todo el proceso. Ya sea que necesites imprimir un solo ejemplar o grandes vol\u00famenes, contamos con equipos de \u00faltima tecnolog\u00eda y una infraestructura que nos permite garantizar resultados impecables. Nuestra ubicaci\u00f3n en Santiago y Providencia nos permite brindar servicios r\u00e1pidos y eficientes para toda la regi\u00f3n, ayudando a optimizar los tiempos de entrega sin sacrificar la calidad.<\/p>\n<\/div><\/div><div class=\"w-separator size_medium\"><\/div><div class=\"wpb_text_column\"><div class=\"wpb_wrapper\"><div id=\"divtags\">\n<h1>Empresa gr\u00e1ficas<\/h1>\n<h1>Imprenta en Providencia<\/h1>\n<h1>Imprenta en Santiago<\/h1>\n<h1>Lugares para imprimir en Santiago<\/h1>\n<\/div>\n<\/div><\/div><\/div><\/div><\/div><\/div><\/section>\n","protected":false},"excerpt":{"rendered":"En Grafimpres, somos una empresa especializada en soluciones gr\u00e1ficas que se adapta a las necesidades de cada cliente. Nos dedicamos a ofrecer servicios de impresi\u00f3n de alta calidad para empresas y particulares, con atenci\u00f3n personalizada en todo el proceso. Ya sea que necesites imprimir un solo ejemplar o grandes vol\u00famenes, contamos con equipos de \u00faltima...","protected":false},"featured_media":9794,"template":"","meta":[],"product_cat":[114],"product_tag":[],"class_list":{"0":"post-9793","1":"product","2":"type-product","3":"status-publish","4":"has-post-thumbnail","6":"product_cat-novedades","8":"first","9":"instock","10":"shipping-taxable","11":"product-type-simple"},"acf":[],"_links":{"self":[{"href":"https:\/\/grafimpres.cl\/index.php\/wp-json\/wp\/v2\/product\/9793"}],"collection":[{"href":"https:\/\/grafimpres.cl\/index.php\/wp-json\/wp\/v2\/product"}],"about":[{"href":"https:\/\/grafimpres.cl\/index.php\/wp-json\/wp\/v2\/types\/product"}],"wp:featuredmedia":[{"embeddable":true,"href":"https:\/\/grafimpres.cl\/index.php\/wp-json\/wp\/v2\/media\/9794"}],"wp:attachment":[{"href":"https:\/\/grafimpres.cl\/index.php\/wp-json\/wp\/v2\/media?parent=9793"}],"wp:term":[{"taxonomy":"product_cat","embeddable":true,"href":"https:\/\/grafimpres.cl\/index.php\/wp-json\/wp\/v2\/product_cat?post=9793"},{"taxonomy":"product_tag","embeddable":true,"href":"https:\/\/grafimpres.cl\/index.php\/wp-json\/wp\/v2\/product_tag?post=9793"}],"curies":[{"name":"wp","href":"https:\/\/api.w.org\/{rel}","templated":true}]}}