{"id":9765,"date":"2025-01-03T19:31:38","date_gmt":"2025-01-03T19:31:38","guid":{"rendered":"https:\/\/grafimpres.cl\/?post_type=product&#038;p=9765"},"modified":"2025-01-03T19:45:05","modified_gmt":"2025-01-03T19:45:05","slug":"imprenta-de-calendarios-estuches-y-envases","status":"publish","type":"product","link":"https:\/\/grafimpres.cl\/index.php\/producto\/imprenta-de-calendarios-estuches-y-envases\/","title":{"rendered":"Imprenta de calendarios, estuches y envases"},"content":{"rendered":"<section class=\"l-section wpb_row height_custom\"><div class=\"l-section-h i-cf\"><div class=\"g-cols via_grid cols_1 laptops-cols_inherit tablets-cols_inherit mobiles-cols_1 valign_top type_default\"><div class=\"wpb_column vc_column_container\"><div class=\"vc_column-inner\"><div class=\"wpb_text_column\"><div class=\"wpb_wrapper\"><p>En <strong>Grafimpres<\/strong>, ofrecemos soluciones de impresi\u00f3n para productos que combinan practicidad y personalizaci\u00f3n. Ya sea que necesites calendarios promocionales, estuches elegantes o envases a medida, garantizamos que cada pieza refleje la calidad y el dise\u00f1o que tu marca o evento merece.<\/p>\n<ul>\n<li><strong>Imprenta de calendarios:<\/strong> Los calendarios personalizados son una herramienta ideal para mantener tu marca presente todo el a\u00f1o. Con opciones para todo tipo de dise\u00f1os y tama\u00f1os, puedes crear calendarios de pared, de escritorio o de bolsillo, todos adaptados a tus necesidades. Son perfectos como regalos corporativos o para promocionar tu negocio de forma duradera.<\/li>\n<li><strong>Imprenta de estuches:<\/strong> Los estuches personalizados ofrecen una presentaci\u00f3n elegante y profesional para tus productos. Ya sea para art\u00edculos de lujo, regalos promocionales o presentaciones corporativas, nuestros estuches se imprimen con materiales premium, asegurando que tu producto llegue con un toque de distinci\u00f3n.<\/li>\n<li><strong>Impresi\u00f3n de envases:<\/strong> Si buscas envases personalizados para tus productos, <strong>Grafimpres<\/strong> ofrece soluciones pr\u00e1cticas y creativas. Desde cajas para productos de consumo hasta envases promocionales, imprimimos con la m\u00e1s alta calidad para que tu embalaje no solo proteja, sino que tambi\u00e9n destaque y atraiga a tus clientes.<\/li>\n<\/ul>\n<p>Con <strong>Grafimpres<\/strong>, cada uno de estos productos impresos se convierte en una extensi\u00f3n de tu imagen de marca, garantizando resultados excepcionales con acabados profesionales. \u00a1Haz que tu presentaci\u00f3n sea memorable y personalizada con nuestros servicios de impresi\u00f3n!<\/p>\n<\/div><\/div><div class=\"w-separator size_medium\"><\/div><div class=\"wpb_text_column\"><div class=\"wpb_wrapper\"><div id=\"divtags\">\n<h1>Imprenta de calendarios<\/h1>\n<h1>Imprenta de estuches<\/h1>\n<h1>Impresi\u00f3n de envases<\/h1>\n<\/div>\n<\/div><\/div><\/div><\/div><\/div><\/div><\/section>\n","protected":false},"excerpt":{"rendered":"En Grafimpres, ofrecemos soluciones de impresi\u00f3n para productos que combinan practicidad y personalizaci\u00f3n. Ya sea que necesites calendarios promocionales, estuches elegantes o envases a medida, garantizamos que cada pieza refleje la calidad y el dise\u00f1o que tu marca o evento merece. Imprenta de calendarios: Los calendarios personalizados son una herramienta ideal para mantener tu marca...","protected":false},"featured_media":9766,"template":"","meta":[],"product_cat":[114],"product_tag":[],"class_list":{"0":"post-9765","1":"product","2":"type-product","3":"status-publish","4":"has-post-thumbnail","6":"product_cat-novedades","8":"first","9":"instock","10":"shipping-taxable","11":"product-type-simple"},"acf":[],"_links":{"self":[{"href":"https:\/\/grafimpres.cl\/index.php\/wp-json\/wp\/v2\/product\/9765"}],"collection":[{"href":"https:\/\/grafimpres.cl\/index.php\/wp-json\/wp\/v2\/product"}],"about":[{"href":"https:\/\/grafimpres.cl\/index.php\/wp-json\/wp\/v2\/types\/product"}],"wp:featuredmedia":[{"embeddable":true,"href":"https:\/\/grafimpres.cl\/index.php\/wp-json\/wp\/v2\/media\/9766"}],"wp:attachment":[{"href":"https:\/\/grafimpres.cl\/index.php\/wp-json\/wp\/v2\/media?parent=9765"}],"wp:term":[{"taxonomy":"product_cat","embeddable":true,"href":"https:\/\/grafimpres.cl\/index.php\/wp-json\/wp\/v2\/product_cat?post=9765"},{"taxonomy":"product_tag","embeddable":true,"href":"https:\/\/grafimpres.cl\/index.php\/wp-json\/wp\/v2\/product_tag?post=9765"}],"curies":[{"name":"wp","href":"https:\/\/api.w.org\/{rel}","templated":true}]}}