{"id":9763,"date":"2025-01-03T19:30:46","date_gmt":"2025-01-03T19:30:46","guid":{"rendered":"https:\/\/grafimpres.cl\/?post_type=product&#038;p=9763"},"modified":"2025-01-03T19:45:39","modified_gmt":"2025-01-03T19:45:39","slug":"impresion-funcional-y-personalizacion-en-cada-detalle","status":"publish","type":"product","link":"https:\/\/grafimpres.cl\/index.php\/producto\/impresion-funcional-y-personalizacion-en-cada-detalle\/","title":{"rendered":"Impresi\u00f3n funcional y personalizaci\u00f3n en cada detalle"},"content":{"rendered":"<section class=\"l-section wpb_row height_custom\"><div class=\"l-section-h i-cf\"><div class=\"g-cols via_grid cols_1 laptops-cols_inherit tablets-cols_inherit mobiles-cols_1 valign_top type_default\"><div class=\"wpb_column vc_column_container\"><div class=\"vc_column-inner\"><div class=\"wpb_text_column\"><div class=\"wpb_wrapper\"><p>En <strong>Grafimpres<\/strong>, ofrecemos una variedad de productos impresos para darle un toque \u00fanico y pr\u00e1ctico a tu espacio o evento. Desde imanes personalizados para promocionar tu marca hasta elegantes individuales de mesa y pr\u00e1cticos posavasos, garantizamos calidad y dise\u00f1o adaptados a tus necesidades.<\/p>\n<ul>\n<li><strong>Impresi\u00f3n de imanes:<\/strong> Los imanes personalizados son ideales para mantener tu marca visible en el hogar o la oficina. Ya sea para campa\u00f1as publicitarias, recuerdos o regalos corporativos, nuestros imanes son resistentes, duraderos y con colores vibrantes que capturan la atenci\u00f3n de inmediato.<\/li>\n<li><strong>Impresi\u00f3n de individuales de mesa:<\/strong> Dales un toque exclusivo a tus mesas con individuales personalizados, perfectos para restaurantes, eventos o uso personal. Imprime dise\u00f1os llamativos o logotipos para que cada comida sea una experiencia \u00fanica.<\/li>\n<li><strong>Impresi\u00f3n de posavasos:<\/strong> Los posavasos personalizados no solo protegen las superficies, sino que tambi\u00e9n son una excelente herramienta publicitaria. Son perfectos para bares, cafeter\u00edas, eventos o como regalos promocionales, manteniendo siempre tu marca presente de forma pr\u00e1ctica y estilosa.<\/li>\n<\/ul>\n<p>Con <strong>Grafimpres<\/strong>, cada uno de estos productos es una oportunidad para personalizar y destacar tu imagen, con acabados de alta calidad y opciones de dise\u00f1o a medida. \u00a1Haz que tu espacio, evento o campa\u00f1a sea inolvidable con nuestros servicios de impresi\u00f3n!<\/p>\n<\/div><\/div><div class=\"w-separator size_medium\"><\/div><div class=\"wpb_text_column\"><div class=\"wpb_wrapper\"><div id=\"divtags\">\n<h1>Imprimir imanes<\/h1>\n<h1>Imprimir individuales de mesa<\/h1>\n<h1>Imprimir posavasos<\/h1>\n<h1>Imprenta de imanes<\/h1>\n<h1>Imprenta de individuales de mesa<\/h1>\n<h1>Imprenta de posavasos<\/h1>\n<h1>Impresi\u00f3n de imanes<\/h1>\n<\/div>\n<\/div><\/div><\/div><\/div><\/div><\/div><\/section>\n","protected":false},"excerpt":{"rendered":"En Grafimpres, ofrecemos una variedad de productos impresos para darle un toque \u00fanico y pr\u00e1ctico a tu espacio o evento. Desde imanes personalizados para promocionar tu marca hasta elegantes individuales de mesa y pr\u00e1cticos posavasos, garantizamos calidad y dise\u00f1o adaptados a tus necesidades. Impresi\u00f3n de imanes: Los imanes personalizados son ideales para mantener tu marca...","protected":false},"featured_media":9764,"template":"","meta":[],"product_cat":[114],"product_tag":[],"class_list":{"0":"post-9763","1":"product","2":"type-product","3":"status-publish","4":"has-post-thumbnail","6":"product_cat-novedades","8":"first","9":"instock","10":"shipping-taxable","11":"product-type-simple"},"acf":[],"_links":{"self":[{"href":"https:\/\/grafimpres.cl\/index.php\/wp-json\/wp\/v2\/product\/9763"}],"collection":[{"href":"https:\/\/grafimpres.cl\/index.php\/wp-json\/wp\/v2\/product"}],"about":[{"href":"https:\/\/grafimpres.cl\/index.php\/wp-json\/wp\/v2\/types\/product"}],"wp:featuredmedia":[{"embeddable":true,"href":"https:\/\/grafimpres.cl\/index.php\/wp-json\/wp\/v2\/media\/9764"}],"wp:attachment":[{"href":"https:\/\/grafimpres.cl\/index.php\/wp-json\/wp\/v2\/media?parent=9763"}],"wp:term":[{"taxonomy":"product_cat","embeddable":true,"href":"https:\/\/grafimpres.cl\/index.php\/wp-json\/wp\/v2\/product_cat?post=9763"},{"taxonomy":"product_tag","embeddable":true,"href":"https:\/\/grafimpres.cl\/index.php\/wp-json\/wp\/v2\/product_tag?post=9763"}],"curies":[{"name":"wp","href":"https:\/\/api.w.org\/{rel}","templated":true}]}}