{"id":9754,"date":"2025-01-03T19:21:03","date_gmt":"2025-01-03T19:21:03","guid":{"rendered":"https:\/\/grafimpres.cl\/?post_type=product&#038;p=9754"},"modified":"2025-01-03T19:46:47","modified_gmt":"2025-01-03T19:46:47","slug":"impresion-con-estilo-en-cada-envio","status":"publish","type":"product","link":"https:\/\/grafimpres.cl\/index.php\/producto\/impresion-con-estilo-en-cada-envio\/","title":{"rendered":"Impresi\u00f3n con estilo en cada env\u00edo"},"content":{"rendered":"<section class=\"l-section wpb_row height_custom\"><div class=\"l-section-h i-cf\"><div class=\"g-cols via_grid cols_1 laptops-cols_inherit tablets-cols_inherit mobiles-cols_1 valign_top type_default\"><div class=\"wpb_column vc_column_container\"><div class=\"vc_column-inner\"><div class=\"wpb_text_column\"><div class=\"wpb_wrapper\"><p>En <strong>Grafimpres<\/strong>, entendemos que los sobres son la primera impresi\u00f3n que recibir\u00e1 tu destinatario, por lo que ofrecemos servicios de impresi\u00f3n de sobres personalizados para hacer que tus comunicaciones sean a\u00fan m\u00e1s especiales. Ya sea para invitaciones de eventos, correspondencia corporativa, campa\u00f1as publicitarias o cartas personales, nuestros sobres impresos con dise\u00f1os exclusivos reflejan profesionalismo y atenci\u00f3n al detalle.<\/p>\n<p>Ofrecemos una amplia variedad de tama\u00f1os, colores y acabados, adaptados a tus necesidades espec\u00edficas. La impresi\u00f3n de tus sobres se realiza con materiales de alta calidad y tecnolog\u00eda avanzada, asegurando que tu mensaje se entregue con el estilo y la elegancia que se merece.<\/p>\n<p>Con <strong>Grafimpres<\/strong>, puedes personalizar tanto el dise\u00f1o exterior como la parte interna, haciendo que tus sobres sean \u00fanicos y apropiados para cualquier ocasi\u00f3n. Ya sea que busques una imagen corporativa fuerte o un toque personal para eventos especiales, nuestros sobres personalizados har\u00e1n que tu env\u00edo se destaque desde el primer vistazo.<\/p>\n<p>Haz que cada carta o invitaci\u00f3n tenga un impacto inmediato con sobres personalizados de <strong>Grafimpres<\/strong>. \u00a1Cont\u00e1ctanos y crea la primera impresi\u00f3n perfecta!<\/p>\n<\/div><\/div><div class=\"w-separator size_medium\"><\/div><div class=\"wpb_text_column\"><div class=\"wpb_wrapper\"><div id=\"divtags\">\n<h1>Impresi\u00f3n de sobres<\/h1>\n<h1>Imprimir sobres<\/h1>\n<h1>Imprenta de sobres<\/h1>\n<\/div>\n<\/div><\/div><\/div><\/div><\/div><\/div><\/section>\n","protected":false},"excerpt":{"rendered":"En Grafimpres, entendemos que los sobres son la primera impresi\u00f3n que recibir\u00e1 tu destinatario, por lo que ofrecemos servicios de impresi\u00f3n de sobres personalizados para hacer que tus comunicaciones sean a\u00fan m\u00e1s especiales. Ya sea para invitaciones de eventos, correspondencia corporativa, campa\u00f1as publicitarias o cartas personales, nuestros sobres impresos con dise\u00f1os exclusivos reflejan profesionalismo y...","protected":false},"featured_media":9755,"template":"","meta":[],"product_cat":[114],"product_tag":[],"class_list":{"0":"post-9754","1":"product","2":"type-product","3":"status-publish","4":"has-post-thumbnail","6":"product_cat-novedades","8":"first","9":"instock","10":"shipping-taxable","11":"product-type-simple"},"acf":[],"_links":{"self":[{"href":"https:\/\/grafimpres.cl\/index.php\/wp-json\/wp\/v2\/product\/9754"}],"collection":[{"href":"https:\/\/grafimpres.cl\/index.php\/wp-json\/wp\/v2\/product"}],"about":[{"href":"https:\/\/grafimpres.cl\/index.php\/wp-json\/wp\/v2\/types\/product"}],"wp:featuredmedia":[{"embeddable":true,"href":"https:\/\/grafimpres.cl\/index.php\/wp-json\/wp\/v2\/media\/9755"}],"wp:attachment":[{"href":"https:\/\/grafimpres.cl\/index.php\/wp-json\/wp\/v2\/media?parent=9754"}],"wp:term":[{"taxonomy":"product_cat","embeddable":true,"href":"https:\/\/grafimpres.cl\/index.php\/wp-json\/wp\/v2\/product_cat?post=9754"},{"taxonomy":"product_tag","embeddable":true,"href":"https:\/\/grafimpres.cl\/index.php\/wp-json\/wp\/v2\/product_tag?post=9754"}],"curies":[{"name":"wp","href":"https:\/\/api.w.org\/{rel}","templated":true}]}}