{"id":9752,"date":"2025-01-03T19:18:19","date_gmt":"2025-01-03T19:18:19","guid":{"rendered":"https:\/\/grafimpres.cl\/?post_type=product&#038;p=9752"},"modified":"2025-01-03T19:46:58","modified_gmt":"2025-01-03T19:46:58","slug":"impresion-de-revistas-profesionalismo-en-cada-pagina","status":"publish","type":"product","link":"https:\/\/grafimpres.cl\/index.php\/producto\/impresion-de-revistas-profesionalismo-en-cada-pagina\/","title":{"rendered":"Impresi\u00f3n de revistas profesionalismo en cada p\u00e1gina"},"content":{"rendered":"<section class=\"l-section wpb_row height_custom\"><div class=\"l-section-h i-cf\"><div class=\"g-cols via_grid cols_1 laptops-cols_inherit tablets-cols_inherit mobiles-cols_1 valign_top type_default\"><div class=\"wpb_column vc_column_container\"><div class=\"vc_column-inner\"><div class=\"wpb_text_column\"><div class=\"wpb_wrapper\"><p>En <strong>Grafimpres<\/strong>, ofrecemos servicios de impresi\u00f3n de revistas de alta calidad, adaptadas a tus necesidades editoriales. Ya sea para empresas, instituciones o proyectos personales, nuestras revistas se imprimen con materiales premium y tecnolog\u00eda avanzada, garantizando colores vibrantes y una excelente resoluci\u00f3n. Con opciones personalizadas en dise\u00f1o, tama\u00f1o y acabado, te ayudamos a crear una revista que impacte visualmente y comunique tu mensaje de forma profesional. \u00a1Haz que tu contenido cobre vida con la impresi\u00f3n de revistas en <strong>Grafimpres<\/strong>!<\/p>\n<\/div><\/div><div class=\"w-separator size_medium\"><\/div><div class=\"wpb_text_column\"><div class=\"wpb_wrapper\"><div id=\"divtags\">\n<h1>Impresi\u00f3n de revistas<\/h1>\n<h1>Imprimir revista<\/h1>\n<h1>Imprenta de revista<\/h1>\n<\/div>\n<\/div><\/div><\/div><\/div><\/div><\/div><\/section>\n","protected":false},"excerpt":{"rendered":"En Grafimpres, ofrecemos servicios de impresi\u00f3n de revistas de alta calidad, adaptadas a tus necesidades editoriales. Ya sea para empresas, instituciones o proyectos personales, nuestras revistas se imprimen con materiales premium y tecnolog\u00eda avanzada, garantizando colores vibrantes y una excelente resoluci\u00f3n. Con opciones personalizadas en dise\u00f1o, tama\u00f1o y acabado, te ayudamos a crear una revista...","protected":false},"featured_media":9753,"template":"","meta":[],"product_cat":[114],"product_tag":[],"class_list":{"0":"post-9752","1":"product","2":"type-product","3":"status-publish","4":"has-post-thumbnail","6":"product_cat-novedades","8":"first","9":"instock","10":"shipping-taxable","11":"product-type-simple"},"acf":[],"_links":{"self":[{"href":"https:\/\/grafimpres.cl\/index.php\/wp-json\/wp\/v2\/product\/9752"}],"collection":[{"href":"https:\/\/grafimpres.cl\/index.php\/wp-json\/wp\/v2\/product"}],"about":[{"href":"https:\/\/grafimpres.cl\/index.php\/wp-json\/wp\/v2\/types\/product"}],"wp:featuredmedia":[{"embeddable":true,"href":"https:\/\/grafimpres.cl\/index.php\/wp-json\/wp\/v2\/media\/9753"}],"wp:attachment":[{"href":"https:\/\/grafimpres.cl\/index.php\/wp-json\/wp\/v2\/media?parent=9752"}],"wp:term":[{"taxonomy":"product_cat","embeddable":true,"href":"https:\/\/grafimpres.cl\/index.php\/wp-json\/wp\/v2\/product_cat?post=9752"},{"taxonomy":"product_tag","embeddable":true,"href":"https:\/\/grafimpres.cl\/index.php\/wp-json\/wp\/v2\/product_tag?post=9752"}],"curies":[{"name":"wp","href":"https:\/\/api.w.org\/{rel}","templated":true}]}}