{"id":9750,"date":"2025-01-03T19:15:54","date_gmt":"2025-01-03T19:15:54","guid":{"rendered":"https:\/\/grafimpres.cl\/?post_type=product&#038;p=9750"},"modified":"2025-01-03T19:47:11","modified_gmt":"2025-01-03T19:47:11","slug":"imprenta-de-partes-de-matrimonio","status":"publish","type":"product","link":"https:\/\/grafimpres.cl\/index.php\/producto\/imprenta-de-partes-de-matrimonio\/","title":{"rendered":"Imprenta de partes de matrimonio"},"content":{"rendered":"<section class=\"l-section wpb_row height_custom\"><div class=\"l-section-h i-cf\"><div class=\"g-cols via_grid cols_1 laptops-cols_inherit tablets-cols_inherit mobiles-cols_1 valign_top type_default\"><div class=\"wpb_column vc_column_container\"><div class=\"vc_column-inner\"><div class=\"wpb_text_column\"><div class=\"wpb_wrapper\"><p><strong>Un toque elegante para el d\u00eda especial en Grafimpres,<\/strong> entendemos que el d\u00eda de tu boda es uno de los momentos m\u00e1s importantes de la vida, y cada detalle cuenta para hacer de este evento algo \u00fanico y memorable. Por eso, ofrecemos servicios de imprenta de partes de matrimonio, creando invitaciones personalizadas que reflejan la elegancia, estilo y esencia de tu celebraci\u00f3n.<\/p>\n<p>Nuestros partes de matrimonio est\u00e1n dise\u00f1ados para transmitir la personalidad de la pareja, con opciones de acabados de alta calidad, colores vibrantes y materiales premium. Ya sea que prefieras un estilo cl\u00e1sico, moderno, minimalista o rom\u00e1ntico, en <strong>Grafimpres<\/strong> te ayudamos a plasmar tu visi\u00f3n con precisi\u00f3n y creatividad.<\/p>\n<p><strong>Ventajas de elegir Grafimpres para tus partes de matrimonio<\/strong><\/p>\n<ul>\n<li><strong>Dise\u00f1os personalizados:<\/strong> Creamos invitaciones que se adaptan a tus gustos y a la tem\u00e1tica de tu boda, garantizando una presentaci\u00f3n \u00fanica y especial.<\/li>\n<li><strong>Materiales de alta calidad:<\/strong> Usamos papeles, cartulinas y acabados exclusivos que hacen que tus partes de matrimonio luzcan sofisticados y duraderos.<\/li>\n<li><strong>Variedad de opciones:<\/strong> Ofrecemos diferentes estilos, tama\u00f1os y formatos, desde invitaciones cl\u00e1sicas y elegantes hasta dise\u00f1os m\u00e1s modernos y creativos.<\/li>\n<li><strong>Atenci\u00f3n al detalle:<\/strong> Cada parte de matrimonio es elaborado con esmero y dedicaci\u00f3n, cuidando cada aspecto para que refleje la importancia del evento.<\/li>\n<li><strong>Entrega puntual:<\/strong> Sabemos lo crucial que es el tiempo en los preparativos de una boda, por lo que garantizamos entregas a tiempo para que puedas organizar cada detalle con calma.<\/li>\n<\/ul>\n<p>En <strong>Grafimpres<\/strong>, nos enorgullece ser parte de tu celebraci\u00f3n. Contacta con nosotros y deja que nuestro equipo cree partes de matrimonio que har\u00e1n que tus invitados se emocionen desde el primer momento.<\/p>\n<\/div><\/div><div class=\"w-separator size_medium\"><\/div><div class=\"wpb_text_column\"><div class=\"wpb_wrapper\"><div id=\"divtags\">\n<h1>Imprenta de partes de matrimonio<\/h1>\n<h1>Imprenta de partes de matrimonio<\/h1>\n<\/div>\n<\/div><\/div><\/div><\/div><\/div><\/div><\/section>\n","protected":false},"excerpt":{"rendered":"Un toque elegante para el d\u00eda especial en Grafimpres, entendemos que el d\u00eda de tu boda es uno de los momentos m\u00e1s importantes de la vida, y cada detalle cuenta para hacer de este evento algo \u00fanico y memorable. Por eso, ofrecemos servicios de imprenta de partes de matrimonio, creando invitaciones personalizadas que reflejan la...","protected":false},"featured_media":9751,"template":"","meta":[],"product_cat":[114],"product_tag":[],"class_list":{"0":"post-9750","1":"product","2":"type-product","3":"status-publish","4":"has-post-thumbnail","6":"product_cat-novedades","8":"first","9":"instock","10":"shipping-taxable","11":"product-type-simple"},"acf":[],"_links":{"self":[{"href":"https:\/\/grafimpres.cl\/index.php\/wp-json\/wp\/v2\/product\/9750"}],"collection":[{"href":"https:\/\/grafimpres.cl\/index.php\/wp-json\/wp\/v2\/product"}],"about":[{"href":"https:\/\/grafimpres.cl\/index.php\/wp-json\/wp\/v2\/types\/product"}],"wp:featuredmedia":[{"embeddable":true,"href":"https:\/\/grafimpres.cl\/index.php\/wp-json\/wp\/v2\/media\/9751"}],"wp:attachment":[{"href":"https:\/\/grafimpres.cl\/index.php\/wp-json\/wp\/v2\/media?parent=9750"}],"wp:term":[{"taxonomy":"product_cat","embeddable":true,"href":"https:\/\/grafimpres.cl\/index.php\/wp-json\/wp\/v2\/product_cat?post=9750"},{"taxonomy":"product_tag","embeddable":true,"href":"https:\/\/grafimpres.cl\/index.php\/wp-json\/wp\/v2\/product_tag?post=9750"}],"curies":[{"name":"wp","href":"https:\/\/api.w.org\/{rel}","templated":true}]}}