{"id":9748,"date":"2025-01-03T19:12:29","date_gmt":"2025-01-03T19:12:29","guid":{"rendered":"https:\/\/grafimpres.cl\/?post_type=product&#038;p=9748"},"modified":"2025-01-03T19:47:22","modified_gmt":"2025-01-03T19:47:22","slug":"impresion-de-postales","status":"publish","type":"product","link":"https:\/\/grafimpres.cl\/index.php\/producto\/impresion-de-postales\/","title":{"rendered":"Impresi\u00f3n de postales"},"content":{"rendered":"<section class=\"l-section wpb_row height_custom\"><div class=\"l-section-h i-cf\"><div class=\"g-cols via_grid cols_1 laptops-cols_inherit tablets-cols_inherit mobiles-cols_1 valign_top type_default\"><div class=\"wpb_column vc_column_container\"><div class=\"vc_column-inner\"><div class=\"wpb_text_column\"><div class=\"wpb_wrapper\"><p><strong>Comunica de forma personalizada en Grafimpres<\/strong>, ofrecemos impresi\u00f3n de postales de alta calidad, ideales para promocionar productos, invitar a eventos, felicitar o agradecer en ocasiones especiales. Las postales son perfectas para campa\u00f1as publicitarias, marketing directo, felicitaciones o recordatorios, proporcionando una comunicaci\u00f3n atractiva y memorable. Con dise\u00f1os personalizados, materiales premium y tecnolog\u00eda de impresi\u00f3n avanzada, garantizamos postales impactantes que cumplen su prop\u00f3sito de manera efectiva. \u00a1Haz que tu mensaje destaque con postales \u00fanicas de <strong>Grafimpres<\/strong>!<\/p>\n<\/div><\/div><div class=\"w-separator size_medium\"><\/div><div class=\"wpb_text_column\"><div class=\"wpb_wrapper\"><div id=\"divtags\">\n<h1>Impresi\u00f3n de postales<\/h1>\n<h1>Imprenta de postales<\/h1>\n<h1>Imprimir postales<\/h1>\n<\/div>\n<\/div><\/div><\/div><\/div><\/div><\/div><\/section>\n","protected":false},"excerpt":{"rendered":"Comunica de forma personalizada en Grafimpres, ofrecemos impresi\u00f3n de postales de alta calidad, ideales para promocionar productos, invitar a eventos, felicitar o agradecer en ocasiones especiales. Las postales son perfectas para campa\u00f1as publicitarias, marketing directo, felicitaciones o recordatorios, proporcionando una comunicaci\u00f3n atractiva y memorable. Con dise\u00f1os personalizados, materiales premium y tecnolog\u00eda de impresi\u00f3n avanzada, garantizamos...","protected":false},"featured_media":9749,"template":"","meta":[],"product_cat":[114],"product_tag":[],"class_list":{"0":"post-9748","1":"product","2":"type-product","3":"status-publish","4":"has-post-thumbnail","6":"product_cat-novedades","8":"first","9":"instock","10":"shipping-taxable","11":"product-type-simple"},"acf":[],"_links":{"self":[{"href":"https:\/\/grafimpres.cl\/index.php\/wp-json\/wp\/v2\/product\/9748"}],"collection":[{"href":"https:\/\/grafimpres.cl\/index.php\/wp-json\/wp\/v2\/product"}],"about":[{"href":"https:\/\/grafimpres.cl\/index.php\/wp-json\/wp\/v2\/types\/product"}],"wp:featuredmedia":[{"embeddable":true,"href":"https:\/\/grafimpres.cl\/index.php\/wp-json\/wp\/v2\/media\/9749"}],"wp:attachment":[{"href":"https:\/\/grafimpres.cl\/index.php\/wp-json\/wp\/v2\/media?parent=9748"}],"wp:term":[{"taxonomy":"product_cat","embeddable":true,"href":"https:\/\/grafimpres.cl\/index.php\/wp-json\/wp\/v2\/product_cat?post=9748"},{"taxonomy":"product_tag","embeddable":true,"href":"https:\/\/grafimpres.cl\/index.php\/wp-json\/wp\/v2\/product_tag?post=9748"}],"curies":[{"name":"wp","href":"https:\/\/api.w.org\/{rel}","templated":true}]}}