{"id":9738,"date":"2025-01-03T18:57:49","date_gmt":"2025-01-03T18:57:49","guid":{"rendered":"https:\/\/grafimpres.cl\/?post_type=product&#038;p=9738"},"modified":"2025-01-03T19:48:04","modified_gmt":"2025-01-03T19:48:04","slug":"impresion-de-autoadhesivos-y-stickers-personalizados","status":"publish","type":"product","link":"https:\/\/grafimpres.cl\/index.php\/producto\/impresion-de-autoadhesivos-y-stickers-personalizados\/","title":{"rendered":"Impresi\u00f3n de autoadhesivos y stickers personalizados"},"content":{"rendered":"<section class=\"l-section wpb_row height_custom\"><div class=\"l-section-h i-cf\"><div class=\"g-cols via_grid cols_1 laptops-cols_inherit tablets-cols_inherit mobiles-cols_1 valign_top type_default\"><div class=\"wpb_column vc_column_container\"><div class=\"vc_column-inner\"><div class=\"wpb_text_column\"><div class=\"wpb_wrapper\"><p>En <strong>Grafimpres<\/strong>, transformamos tus ideas en autoadhesivos y stickers de alta calidad que destacan por su dise\u00f1o y funcionalidad. Ya sea para fines promocionales, branding o etiquetado, nuestros autoadhesivos est\u00e1n dise\u00f1ados para cumplir con tus necesidades espec\u00edficas, asegurando durabilidad y excelente adhesi\u00f3n en diversas superficies.<\/p>\n<p>Contamos con tecnolog\u00eda de impresi\u00f3n avanzada que nos permite producir stickers personalizados con colores vibrantes, acabados impecables y una gran variedad de formatos. Desde peque\u00f1os stickers para etiquetado de productos hasta autoadhesivos de gran tama\u00f1o para campa\u00f1as publicitarias, en <strong>Grafimpres<\/strong> ofrecemos soluciones que combinan creatividad, calidad y versatilidad.<\/p>\n<p>Nuestros autoadhesivos son ideales para m\u00faltiples aplicaciones, como identificar tus productos, reforzar tu marca, decorar espacios o comunicar mensajes clave. Adem\u00e1s, ofrecemos diferentes opciones de materiales, acabados y cortes personalizados para que cada pieza se adapte perfectamente a tu visi\u00f3n y prop\u00f3sito.<\/p>\n<p>Si buscas una soluci\u00f3n profesional y atractiva para tus proyectos de impresi\u00f3n de autoadhesivos y stickers, en <strong>Grafimpres<\/strong> estamos listos para ayudarte a materializar tus ideas con resultados que impresionan. Cont\u00e1ctanos y descubre c\u00f3mo podemos potenciar tu imagen con nuestras soluciones de impresi\u00f3n personalizadas.<\/p>\n<\/div><\/div><div class=\"w-separator size_medium\"><\/div><div class=\"wpb_text_column\"><div class=\"wpb_wrapper\"><div id=\"divtags\">\n<h1>Impresi\u00f3n de autoadhesivos<\/h1>\n<h1>Imprenta de autoadhesivos<\/h1>\n<h1>Impresi\u00f3n de stickers<\/h1>\n<h1>Imprimir autoadhesivos<\/h1>\n<h1>Imprimir stickers<\/h1>\n<h1>Imprenta de stickers<\/h1>\n<\/div>\n<\/div><\/div><\/div><\/div><\/div><\/div><\/section>\n","protected":false},"excerpt":{"rendered":"En Grafimpres, transformamos tus ideas en autoadhesivos y stickers de alta calidad que destacan por su dise\u00f1o y funcionalidad. Ya sea para fines promocionales, branding o etiquetado, nuestros autoadhesivos est\u00e1n dise\u00f1ados para cumplir con tus necesidades espec\u00edficas, asegurando durabilidad y excelente adhesi\u00f3n en diversas superficies. Contamos con tecnolog\u00eda de impresi\u00f3n avanzada que nos permite producir...","protected":false},"featured_media":9739,"template":"","meta":[],"product_cat":[114],"product_tag":[],"class_list":{"0":"post-9738","1":"product","2":"type-product","3":"status-publish","4":"has-post-thumbnail","6":"product_cat-novedades","8":"first","9":"instock","10":"shipping-taxable","11":"product-type-simple"},"acf":[],"_links":{"self":[{"href":"https:\/\/grafimpres.cl\/index.php\/wp-json\/wp\/v2\/product\/9738"}],"collection":[{"href":"https:\/\/grafimpres.cl\/index.php\/wp-json\/wp\/v2\/product"}],"about":[{"href":"https:\/\/grafimpres.cl\/index.php\/wp-json\/wp\/v2\/types\/product"}],"wp:featuredmedia":[{"embeddable":true,"href":"https:\/\/grafimpres.cl\/index.php\/wp-json\/wp\/v2\/media\/9739"}],"wp:attachment":[{"href":"https:\/\/grafimpres.cl\/index.php\/wp-json\/wp\/v2\/media?parent=9738"}],"wp:term":[{"taxonomy":"product_cat","embeddable":true,"href":"https:\/\/grafimpres.cl\/index.php\/wp-json\/wp\/v2\/product_cat?post=9738"},{"taxonomy":"product_tag","embeddable":true,"href":"https:\/\/grafimpres.cl\/index.php\/wp-json\/wp\/v2\/product_tag?post=9738"}],"curies":[{"name":"wp","href":"https:\/\/api.w.org\/{rel}","templated":true}]}}