{"id":9735,"date":"2025-01-03T18:55:33","date_gmt":"2025-01-03T18:55:33","guid":{"rendered":"https:\/\/grafimpres.cl\/?post_type=product&#038;p=9735"},"modified":"2025-01-03T19:48:16","modified_gmt":"2025-01-03T19:48:16","slug":"impresion-para-impulsar-tu-negocio","status":"publish","type":"product","link":"https:\/\/grafimpres.cl\/index.php\/producto\/impresion-para-impulsar-tu-negocio\/","title":{"rendered":"Impresi\u00f3n para impulsar tu negocio"},"content":{"rendered":"<section class=\"l-section wpb_row height_custom\"><div class=\"l-section-h i-cf\"><div class=\"g-cols via_grid cols_1 laptops-cols_inherit tablets-cols_inherit mobiles-cols_1 valign_top type_default\"><div class=\"wpb_column vc_column_container\"><div class=\"vc_column-inner\"><div class=\"wpb_text_column\"><div class=\"wpb_wrapper\"><p>En <strong>Grafimpres<\/strong>, entendemos la importancia de contar con materiales publicitarios que realmente capten la atenci\u00f3n de tu p\u00fablico objetivo y reflejen la calidad de tu marca. Por eso, nos especializamos en ofrecer servicios de imprenta de alta calidad, dise\u00f1ados para satisfacer todas tus necesidades de comunicaci\u00f3n visual.<\/p>\n<p>Nuestros afiches publicitarios son ideales para promocionar eventos, productos o servicios de manera impactante, gracias a una impresi\u00f3n impecable y el uso de colores vibrantes que aseguran un excelente impacto visual. Tambi\u00e9n contamos con soluciones en impresi\u00f3n de carteles y banners, perfectos para transmitir mensajes en gran formato con claridad y estilo, garantizando m\u00e1xima visibilidad en cualquier espacio.<\/p>\n<p>Adem\u00e1s, en <strong>Grafimpres<\/strong> somos expertos en la creaci\u00f3n de folletos, volantes y tr\u00edpticos, herramientas esenciales para transmitir informaci\u00f3n de forma organizada, atractiva y efectiva. Nuestros folletos destacan por su dise\u00f1o profesional y acabados de calidad, mientras que los volantes son una opci\u00f3n pr\u00e1ctica y econ\u00f3mica para alcanzar a un p\u00fablico masivo. Los tr\u00edpticos, por su parte, ofrecen una presentaci\u00f3n vers\u00e1til y elegante, perfecta para exhibir tu negocio, servicios o promociones de manera estructurada.<\/p>\n<p>En cada uno de nuestros proyectos, utilizamos tecnolog\u00eda de impresi\u00f3n avanzada y materiales de primera calidad para garantizar resultados duraderos y profesionales. Nuestro equipo de dise\u00f1adores y expertos en impresi\u00f3n est\u00e1 comprometido en ofrecer soluciones personalizadas que se adapten a tus objetivos y presupuesto.<\/p>\n<p>Si buscas destacar en el mercado con materiales publicitarios que combinen creatividad, calidad y funcionalidad, <strong>Grafimpres<\/strong> es tu mejor aliado. Cont\u00e1ctanos hoy y trabajemos juntos para darle vida a tus ideas y posicionar tu marca como l\u00edder en su sector.<\/p>\n<\/div><\/div><div class=\"w-separator size_medium\"><\/div><div class=\"wpb_text_column\"><div class=\"wpb_wrapper\"><div id=\"divtags\">\n<h1>Impresi\u00f3n de afiches<\/h1>\n<h1>Imprenta de afiches<\/h1>\n<h1>Imprenta de afiches publicitarios<\/h1>\n<h1>Impresi\u00f3n de carteles y banners<\/h1>\n<h1>Impresi\u00f3n de folletos<\/h1>\n<h1>Impresi\u00f3n de folletos y volantes<\/h1>\n<h1>Imprimir afiches<\/h1>\n<h1>Imprimir afiches publicitarios<\/h1>\n<h1>Impresi\u00f3n de volantes<\/h1>\n<h1>Imprimir volantes<\/h1>\n<h1>Imprenta de folletos<\/h1>\n<h1>Imprenta de tr\u00edpticos<\/h1>\n<h1>Imprenta de volantes<\/h1>\n<\/div>\n<\/div><\/div><\/div><\/div><\/div><\/div><\/section>\n","protected":false},"excerpt":{"rendered":"En Grafimpres, entendemos la importancia de contar con materiales publicitarios que realmente capten la atenci\u00f3n de tu p\u00fablico objetivo y reflejen la calidad de tu marca. Por eso, nos especializamos en ofrecer servicios de imprenta de alta calidad, dise\u00f1ados para satisfacer todas tus necesidades de comunicaci\u00f3n visual. Nuestros afiches publicitarios son ideales para promocionar eventos,...","protected":false},"featured_media":9736,"template":"","meta":[],"product_cat":[114],"product_tag":[],"class_list":{"0":"post-9735","1":"product","2":"type-product","3":"status-publish","4":"has-post-thumbnail","6":"product_cat-novedades","8":"first","9":"instock","10":"shipping-taxable","11":"product-type-simple"},"acf":[],"_links":{"self":[{"href":"https:\/\/grafimpres.cl\/index.php\/wp-json\/wp\/v2\/product\/9735"}],"collection":[{"href":"https:\/\/grafimpres.cl\/index.php\/wp-json\/wp\/v2\/product"}],"about":[{"href":"https:\/\/grafimpres.cl\/index.php\/wp-json\/wp\/v2\/types\/product"}],"wp:featuredmedia":[{"embeddable":true,"href":"https:\/\/grafimpres.cl\/index.php\/wp-json\/wp\/v2\/media\/9736"}],"wp:attachment":[{"href":"https:\/\/grafimpres.cl\/index.php\/wp-json\/wp\/v2\/media?parent=9735"}],"wp:term":[{"taxonomy":"product_cat","embeddable":true,"href":"https:\/\/grafimpres.cl\/index.php\/wp-json\/wp\/v2\/product_cat?post=9735"},{"taxonomy":"product_tag","embeddable":true,"href":"https:\/\/grafimpres.cl\/index.php\/wp-json\/wp\/v2\/product_tag?post=9735"}],"curies":[{"name":"wp","href":"https:\/\/api.w.org\/{rel}","templated":true}]}}