{"id":9732,"date":"2025-01-03T18:52:27","date_gmt":"2025-01-03T18:52:27","guid":{"rendered":"https:\/\/grafimpres.cl\/?post_type=product&#038;p=9732"},"modified":"2025-01-03T19:48:50","modified_gmt":"2025-01-03T19:48:50","slug":"servicios-de-impresion-profesional","status":"publish","type":"product","link":"https:\/\/grafimpres.cl\/index.php\/producto\/servicios-de-impresion-profesional\/","title":{"rendered":"Servicios de impresi\u00f3n profesional"},"content":{"rendered":"<section class=\"l-section wpb_row height_custom\"><div class=\"l-section-h i-cf\"><div class=\"g-cols via_grid cols_1 laptops-cols_inherit tablets-cols_inherit mobiles-cols_1 valign_top type_default\"><div class=\"wpb_column vc_column_container\"><div class=\"vc_column-inner\"><div class=\"wpb_text_column\"><div class=\"wpb_wrapper\"><p>En <strong>Grafimpres<\/strong>, ofrecemos una amplia gama de servicios de impresi\u00f3n dise\u00f1ados para satisfacer todas tus necesidades creativas y profesionales. Desde <strong>impresi\u00f3n 3D<\/strong>, que transforma tus ideas en modelos tridimensionales con precisi\u00f3n, hasta <strong>impresi\u00f3n de gran formato<\/strong> para banners, posters y gr\u00e1ficos de impacto, nuestro compromiso es entregar resultados de calidad superior. Tambi\u00e9n nos especializamos en la <strong>impresi\u00f3n de dibujos<\/strong> e ilustraciones, brindando acabados que resaltan cada detalle art\u00edstico y t\u00e9cnico. Ya sea que necesites una <strong>imprenta de dibujos<\/strong> para proyectos personales o profesionales, o quieras dar vida a tus ilustraciones con colores vibrantes y nitidez impecable, en <strong>Grafimpres<\/strong> contamos con tecnolog\u00eda de punta y un equipo experto listo para materializar tus ideas. \u00a1Cont\u00e1ctanos y da el siguiente paso en tus proyectos creativos!<\/p>\n<\/div><\/div><div class=\"w-separator size_medium\"><\/div><div class=\"wpb_text_column\"><div class=\"wpb_wrapper\"><div id=\"divtags\">\n<h1>Servicio de impresi\u00f3n<\/h1>\n<h1>Impresi\u00f3n 3d<\/h1>\n<h1>Impresi\u00f3n de gran formato<\/h1>\n<h1>Imprimir dibujos<\/h1>\n<h1>Imprenta de dibujos<\/h1>\n<h1>Imprenta de ilustraciones<\/h1>\n<\/div>\n<\/div><\/div><\/div><\/div><\/div><\/div><\/section>\n","protected":false},"excerpt":{"rendered":"En Grafimpres, ofrecemos una amplia gama de servicios de impresi\u00f3n dise\u00f1ados para satisfacer todas tus necesidades creativas y profesionales. Desde impresi\u00f3n 3D, que transforma tus ideas en modelos tridimensionales con precisi\u00f3n, hasta impresi\u00f3n de gran formato para banners, posters y gr\u00e1ficos de impacto, nuestro compromiso es entregar resultados de calidad superior. Tambi\u00e9n nos especializamos en...","protected":false},"featured_media":9733,"template":"","meta":[],"product_cat":[114],"product_tag":[],"class_list":{"0":"post-9732","1":"product","2":"type-product","3":"status-publish","4":"has-post-thumbnail","6":"product_cat-novedades","8":"first","9":"instock","10":"shipping-taxable","11":"product-type-simple"},"acf":[],"_links":{"self":[{"href":"https:\/\/grafimpres.cl\/index.php\/wp-json\/wp\/v2\/product\/9732"}],"collection":[{"href":"https:\/\/grafimpres.cl\/index.php\/wp-json\/wp\/v2\/product"}],"about":[{"href":"https:\/\/grafimpres.cl\/index.php\/wp-json\/wp\/v2\/types\/product"}],"wp:featuredmedia":[{"embeddable":true,"href":"https:\/\/grafimpres.cl\/index.php\/wp-json\/wp\/v2\/media\/9733"}],"wp:attachment":[{"href":"https:\/\/grafimpres.cl\/index.php\/wp-json\/wp\/v2\/media?parent=9732"}],"wp:term":[{"taxonomy":"product_cat","embeddable":true,"href":"https:\/\/grafimpres.cl\/index.php\/wp-json\/wp\/v2\/product_cat?post=9732"},{"taxonomy":"product_tag","embeddable":true,"href":"https:\/\/grafimpres.cl\/index.php\/wp-json\/wp\/v2\/product_tag?post=9732"}],"curies":[{"name":"wp","href":"https:\/\/api.w.org\/{rel}","templated":true}]}}