{"id":9640,"date":"2024-09-10T15:30:10","date_gmt":"2024-09-10T15:30:10","guid":{"rendered":"https:\/\/grafimpres.cl\/?post_type=product&#038;p=9640"},"modified":"2024-10-18T19:46:15","modified_gmt":"2024-10-18T19:46:15","slug":"imprenta-integral-para-todos-tus-proyectos","status":"publish","type":"product","link":"https:\/\/grafimpres.cl\/index.php\/producto\/imprenta-integral-para-todos-tus-proyectos\/","title":{"rendered":"Imprenta integral para todos tus proyectos"},"content":{"rendered":"<section class=\"l-section wpb_row height_custom\"><div class=\"l-section-h i-cf\"><div class=\"g-cols via_grid cols_1 laptops-cols_inherit tablets-cols_inherit mobiles-cols_1 valign_top type_default\"><div class=\"wpb_column vc_column_container\"><div class=\"vc_column-inner\"><div class=\"wpb_text_column\"><div class=\"wpb_wrapper\"><p>En<strong> Grafimpres<\/strong>, nos especializamos en una completa gama de servicios de imprenta para satisfacer todas tus necesidades. Nuestra <strong>imprenta de agendas<\/strong> est\u00e1 dise\u00f1ada para ofrecerte productos funcionales y elegantes, perfectos tanto para uso personal como profesional. Creamos agendas personalizadas con materiales de alta calidad y acabados que reflejan tu estilo y necesidades.<\/p>\n<p>Adem\u00e1s, contamos con servicios de <strong>imprenta de libros<\/strong> para autores y editoriales que buscan una producci\u00f3n de alta calidad. Desde la impresi\u00f3n de peque\u00f1as tiradas hasta grandes vol\u00famenes, garantizamos una impresi\u00f3n n\u00edtida y duradera, as\u00ed como opciones de encuadernado y acabados que realzan el aspecto profesional de tus publicaciones.<\/p>\n<p>Para los amantes del arte y el dise\u00f1o, nuestra <strong>imprenta de dibujos<\/strong> ofrece una soluci\u00f3n excepcional para reproducir obras de arte y dise\u00f1os gr\u00e1ficos con fidelidad y detalle. Utilizamos tecnolog\u00eda avanzada para asegurar que cada impresi\u00f3n mantenga la integridad y la calidad visual de los dibujos originales.<\/p>\n<p>Adem\u00e1s, nuestra <strong>imprenta offset<\/strong> proporciona una soluci\u00f3n eficiente para grandes tiradas con resultados consistentes y de alta calidad. Ideal para folletos, cat\u00e1logos y otros materiales impresos en volumen, esta t\u00e9cnica permite una producci\u00f3n r\u00e1pida y rentable sin comprometer la calidad.<\/p>\n<p>En <strong>Grafimpres<\/strong>, combinamos tecnolog\u00eda de vanguardia con un enfoque personalizado para ofrecerte soluciones de imprenta que se ajustan a tus necesidades espec\u00edficas. <strong>Cont\u00e1ctanos hoy<\/strong> para descubrir c\u00f3mo podemos ayudarte a realizar tus proyectos con la m\u00e1xima precisi\u00f3n y profesionalismo.<\/p>\n<\/div><\/div><div class=\"w-separator size_medium\"><\/div><div class=\"wpb_text_column\"><div class=\"wpb_wrapper\"><div id=\"divtags\">\n<h1>Imprenta de agendas<\/h1>\n<h1>Imprenta de libros<\/h1>\n<h1>Imprenta de dibujos<\/h1>\n<h1>Imprenta Offset<\/h1>\n<\/div>\n<\/div><\/div><\/div><\/div><\/div><\/div><\/section>\n","protected":false},"excerpt":{"rendered":"En Grafimpres, nos especializamos en una completa gama de servicios de imprenta para satisfacer todas tus necesidades. Nuestra imprenta de agendas est\u00e1 dise\u00f1ada para ofrecerte productos funcionales y elegantes, perfectos tanto para uso personal como profesional. Creamos agendas personalizadas con materiales de alta calidad y acabados que reflejan tu estilo y necesidades. Adem\u00e1s, contamos con...","protected":false},"featured_media":9686,"template":"","meta":[],"product_cat":[114],"product_tag":[],"class_list":{"0":"post-9640","1":"product","2":"type-product","3":"status-publish","4":"has-post-thumbnail","6":"product_cat-novedades","8":"first","9":"instock","10":"shipping-taxable","11":"product-type-simple"},"acf":[],"_links":{"self":[{"href":"https:\/\/grafimpres.cl\/index.php\/wp-json\/wp\/v2\/product\/9640"}],"collection":[{"href":"https:\/\/grafimpres.cl\/index.php\/wp-json\/wp\/v2\/product"}],"about":[{"href":"https:\/\/grafimpres.cl\/index.php\/wp-json\/wp\/v2\/types\/product"}],"wp:featuredmedia":[{"embeddable":true,"href":"https:\/\/grafimpres.cl\/index.php\/wp-json\/wp\/v2\/media\/9686"}],"wp:attachment":[{"href":"https:\/\/grafimpres.cl\/index.php\/wp-json\/wp\/v2\/media?parent=9640"}],"wp:term":[{"taxonomy":"product_cat","embeddable":true,"href":"https:\/\/grafimpres.cl\/index.php\/wp-json\/wp\/v2\/product_cat?post=9640"},{"taxonomy":"product_tag","embeddable":true,"href":"https:\/\/grafimpres.cl\/index.php\/wp-json\/wp\/v2\/product_tag?post=9640"}],"curies":[{"name":"wp","href":"https:\/\/api.w.org\/{rel}","templated":true}]}}