{"id":9609,"date":"2024-07-01T19:27:48","date_gmt":"2024-07-01T19:27:48","guid":{"rendered":"https:\/\/grafimpres.cl\/?post_type=product&#038;p=9609"},"modified":"2024-10-18T19:26:49","modified_gmt":"2024-10-18T19:26:49","slug":"impresion-para-momentos-conmemorativos","status":"publish","type":"product","link":"https:\/\/grafimpres.cl\/index.php\/producto\/impresion-para-momentos-conmemorativos\/","title":{"rendered":"Impresi\u00f3n para momentos conmemorativos"},"content":{"rendered":"<section class=\"l-section wpb_row height_custom\"><div class=\"l-section-h i-cf\"><div class=\"g-cols via_grid cols_1 laptops-cols_inherit tablets-cols_inherit mobiles-cols_1 valign_top type_default\"><div class=\"wpb_column vc_column_container\"><div class=\"vc_column-inner\"><div class=\"wpb_text_column\"><div class=\"wpb_wrapper\"><p>En Grafimpres, nos enorgullecemos de ofrecer una amplia gama de servicios de impresi\u00f3n para momentos especiales y profesionales. Desde partes de matrimonio hasta diplomas, pasando por sobres elegantes, postales memorables y tarjetas de invitaci\u00f3n \u00fanicas, estamos aqu\u00ed para dar vida a tus ideas con calidad excepcional y atenci\u00f3n al detalle.<\/p>\n<ul>\n<li>Partes de Matrimonio<\/li>\n<li>Sobres Elegantes<\/li>\n<li>Diplomas Memorables<\/li>\n<li>Postales Impactantes<\/li>\n<li>Tarjetas de Invitaci\u00f3n \u00danicas<\/li>\n<\/ul>\n<p>En Grafimpres, utilizamos tecnolog\u00eda de impresi\u00f3n avanzada y materiales de alta calidad para garantizar resultados excepcionales en cada proyecto. Nuestro equipo dedicado est\u00e1 listo para ayudarte en cada paso del proceso, desde la concepci\u00f3n del dise\u00f1o hasta la entrega final, asegurando que cada detalle de tu pedido sea manejado con cuidado y precisi\u00f3n.<\/p>\n<p>Conf\u00eda en Grafimpres para transformar tus ideas en realidad con impresiones que superen tus expectativas. \u00a1Cont\u00e1ctanos hoy mismo y d\u00e9janos ayudarte a crear momentos memorables con nuestra experiencia y compromiso con la excelencia!<\/p>\n<\/div><\/div><div class=\"w-separator size_medium\"><\/div><div class=\"wpb_text_column\"><div class=\"wpb_wrapper\"><div id=\"divtags\">\n<h1>Impresi\u00f3n de Partes de matrimonio<\/h1>\n<h1>Impresi\u00f3n de Sobres<\/h1>\n<h1>Impresi\u00f3n de diplomas<\/h1>\n<h1>Impresi\u00f3n de postales<\/h1>\n<h1>Impresiones postales<\/h1>\n<h1>Impresi\u00f3n tarjetas de invitaci\u00f3n<\/h1>\n<\/div>\n<\/div><\/div><\/div><\/div><\/div><\/div><\/section>\n","protected":false},"excerpt":{"rendered":"En Grafimpres, nos enorgullecemos de ofrecer una amplia gama de servicios de impresi\u00f3n para momentos especiales y profesionales. Desde partes de matrimonio hasta diplomas, pasando por sobres elegantes, postales memorables y tarjetas de invitaci\u00f3n \u00fanicas, estamos aqu\u00ed para dar vida a tus ideas con calidad excepcional y atenci\u00f3n al detalle. Partes de Matrimonio Sobres Elegantes...","protected":false},"featured_media":9680,"template":"","meta":[],"product_cat":[114],"product_tag":[],"class_list":{"0":"post-9609","1":"product","2":"type-product","3":"status-publish","4":"has-post-thumbnail","6":"product_cat-novedades","8":"first","9":"instock","10":"shipping-taxable","11":"product-type-simple"},"acf":[],"_links":{"self":[{"href":"https:\/\/grafimpres.cl\/index.php\/wp-json\/wp\/v2\/product\/9609"}],"collection":[{"href":"https:\/\/grafimpres.cl\/index.php\/wp-json\/wp\/v2\/product"}],"about":[{"href":"https:\/\/grafimpres.cl\/index.php\/wp-json\/wp\/v2\/types\/product"}],"wp:featuredmedia":[{"embeddable":true,"href":"https:\/\/grafimpres.cl\/index.php\/wp-json\/wp\/v2\/media\/9680"}],"wp:attachment":[{"href":"https:\/\/grafimpres.cl\/index.php\/wp-json\/wp\/v2\/media?parent=9609"}],"wp:term":[{"taxonomy":"product_cat","embeddable":true,"href":"https:\/\/grafimpres.cl\/index.php\/wp-json\/wp\/v2\/product_cat?post=9609"},{"taxonomy":"product_tag","embeddable":true,"href":"https:\/\/grafimpres.cl\/index.php\/wp-json\/wp\/v2\/product_tag?post=9609"}],"curies":[{"name":"wp","href":"https:\/\/api.w.org\/{rel}","templated":true}]}}