{"id":9608,"date":"2024-07-01T19:23:26","date_gmt":"2024-07-01T19:23:26","guid":{"rendered":"https:\/\/grafimpres.cl\/?post_type=product&#038;p=9608"},"modified":"2024-07-01T19:23:54","modified_gmt":"2024-07-01T19:23:54","slug":"plastificados-y-termolaminados-de-calidad-superior","status":"publish","type":"product","link":"https:\/\/grafimpres.cl\/index.php\/producto\/plastificados-y-termolaminados-de-calidad-superior\/","title":{"rendered":"Plastificados y Termolaminados de calidad superior"},"content":{"rendered":"<section class=\"l-section wpb_row height_custom\"><div class=\"l-section-h i-cf\"><div class=\"g-cols via_grid cols_1 laptops-cols_inherit tablets-cols_inherit mobiles-cols_1 valign_top type_default\"><div class=\"wpb_column vc_column_container\"><div class=\"vc_column-inner\"><div class=\"wpb_text_column\"><div class=\"wpb_wrapper\"><p>En Grafimpres, entendemos que la presentaci\u00f3n y durabilidad son fundamentales para tus proyectos impresos. Es por eso que ofrecemos servicios especializados de plastificado y termolaminado, ideales para asegurar que tus documentos, posters, folletos y m\u00e1s, no solo luzcan impresionantes, sino que tambi\u00e9n est\u00e9n protegidos contra el desgaste diario y factores ambientales.<\/p>\n<p>Nuestro proceso de plastificado y termolaminado utiliza tecnolog\u00eda avanzada y materiales de primera calidad para proporcionar un acabado impecable y duradero. Ya sea que necesites un acabado mate para reducir reflejos o un acabado brillante para realzar los colores y detalles, en Grafimpres tenemos opciones para satisfacer tus necesidades espec\u00edficas.<\/p>\n<p>Adem\u00e1s de mejorar la apariencia visual de tus impresiones, el plastificado y termolaminado tambi\u00e9n a\u00f1ade resistencia al agua, manchas, rasgu\u00f1os y desgaste general, prolongando as\u00ed la vida \u00fatil de tus materiales impresos. Esto es ideal tanto para documentos de uso frecuente como para elementos promocionales que requieren resistencia adicional.<\/p>\n<p>Nuestro equipo experto est\u00e1 listo para asistirte en cada etapa del proceso, desde la selecci\u00f3n del acabado adecuado hasta la entrega puntual de tus proyectos completados. En Grafimpres, nos comprometemos a proporcionar un servicio al cliente excepcional y resultados que superen tus expectativas en t\u00e9rminos de calidad y fiabilidad.<\/p>\n<p>Conf\u00eda en Grafimpres para elevar el impacto y la durabilidad de tus impresiones con nuestros servicios de plastificado y termolaminado. \u00a1Cont\u00e1ctanos hoy mismo y descubre c\u00f3mo podemos mejorar tus proyectos con nuestro expertise y tecnolog\u00eda avanzada!<\/p>\n<\/div><\/div><div class=\"w-separator size_medium\"><\/div><div class=\"wpb_text_column\"><div class=\"wpb_wrapper\"><div id=\"divtags\">\n<h1>Pel\u00edculas pl\u00e1sticas<\/h1>\n<h1>Plastificados<\/h1>\n<h1>Plastificados cd<\/h1>\n<h1>Plastificados termolaminados<\/h1>\n<h1>Termolaminados<\/h1>\n<\/div>\n<\/div><\/div><\/div><\/div><\/div><\/div><\/section>\n","protected":false},"excerpt":{"rendered":"En Grafimpres, entendemos que la presentaci\u00f3n y durabilidad son fundamentales para tus proyectos impresos. Es por eso que ofrecemos servicios especializados de plastificado y termolaminado, ideales para asegurar que tus documentos, posters, folletos y m\u00e1s, no solo luzcan impresionantes, sino que tambi\u00e9n est\u00e9n protegidos contra el desgaste diario y factores ambientales. Nuestro proceso de plastificado...","protected":false},"featured_media":9594,"template":"","meta":[],"product_cat":[114],"product_tag":[],"class_list":{"0":"post-9608","1":"product","2":"type-product","3":"status-publish","4":"has-post-thumbnail","6":"product_cat-novedades","8":"first","9":"instock","10":"shipping-taxable","11":"product-type-simple"},"acf":[],"_links":{"self":[{"href":"https:\/\/grafimpres.cl\/index.php\/wp-json\/wp\/v2\/product\/9608"}],"collection":[{"href":"https:\/\/grafimpres.cl\/index.php\/wp-json\/wp\/v2\/product"}],"about":[{"href":"https:\/\/grafimpres.cl\/index.php\/wp-json\/wp\/v2\/types\/product"}],"wp:featuredmedia":[{"embeddable":true,"href":"https:\/\/grafimpres.cl\/index.php\/wp-json\/wp\/v2\/media\/9594"}],"wp:attachment":[{"href":"https:\/\/grafimpres.cl\/index.php\/wp-json\/wp\/v2\/media?parent=9608"}],"wp:term":[{"taxonomy":"product_cat","embeddable":true,"href":"https:\/\/grafimpres.cl\/index.php\/wp-json\/wp\/v2\/product_cat?post=9608"},{"taxonomy":"product_tag","embeddable":true,"href":"https:\/\/grafimpres.cl\/index.php\/wp-json\/wp\/v2\/product_tag?post=9608"}],"curies":[{"name":"wp","href":"https:\/\/api.w.org\/{rel}","templated":true}]}}