{"id":9605,"date":"2024-07-01T19:14:39","date_gmt":"2024-07-01T19:14:39","guid":{"rendered":"https:\/\/grafimpres.cl\/?post_type=product&#038;p=9605"},"modified":"2024-07-01T19:14:39","modified_gmt":"2024-07-01T19:14:39","slug":"imprime-tarjetas-con-nosotros","status":"publish","type":"product","link":"https:\/\/grafimpres.cl\/index.php\/producto\/imprime-tarjetas-con-nosotros\/","title":{"rendered":"Imprime tarjetas con nosotros"},"content":{"rendered":"<section class=\"l-section wpb_row height_custom\"><div class=\"l-section-h i-cf\"><div class=\"g-cols via_grid cols_1 laptops-cols_inherit tablets-cols_inherit mobiles-cols_1 valign_top type_default\"><div class=\"wpb_column vc_column_container\"><div class=\"vc_column-inner\"><div class=\"wpb_text_column\"><div class=\"wpb_wrapper\"><p>En Grafimpres, nos destacamos por ofrecer un servicio especializado en la impresi\u00f3n de tarjetas que reflejan calidad y profesionalismo en cada detalle. Ya sea que necesites tarjetas de presentaci\u00f3n elegantes para dejar una impresi\u00f3n duradera en tus contactos comerciales, o tarjetas personalizadas para eventos especiales como bodas, graduaciones o aniversarios, estamos aqu\u00ed para cumplir con tus expectativas m\u00e1s exigentes.<\/p>\n<p>Nuestro proceso de impresi\u00f3n combina tecnolog\u00eda de vanguardia con materiales de la m\u00e1s alta calidad, asegurando colores vibrantes, textos n\u00edtidos y acabados impecables en cada tarjeta. Nos especializamos en ofrecer una amplia gama de opciones de personalizaci\u00f3n, desde el tipo de papel y acabado hasta el dise\u00f1o gr\u00e1fico y los detalles de acabado especial como laminados o barnices selectivos.<\/p>\n<p>En Grafimpres, entendemos la importancia de cada tarjeta como una representaci\u00f3n de tu imagen y tu marca. Por ello, nuestro equipo dedicado se asegurar\u00e1 de que cada tarjeta sea producida con cuidado y precisi\u00f3n, cumpliendo con tus especificaciones exactas y superando tus expectativas.<\/p>\n<p>No importa cu\u00e1l sea tu necesidad de impresi\u00f3n de tarjetas, conf\u00eda en Grafimpres para ofrecerte resultados que impresionen. Cont\u00e1ctanos hoy mismo y d\u00e9janos ayudarte a crear tarjetas que hablen por ti con estilo y profesionalismo. \u00a1Estamos aqu\u00ed para hacer realidad tus ideas!<\/p>\n<\/div><\/div><div class=\"w-separator size_medium\"><\/div><div class=\"wpb_text_column\"><div class=\"wpb_wrapper\"><div id=\"divtags\">\n<h1>Impresi\u00f3n de Tarjeta<\/h1>\n<h1>Impresi\u00f3n de Tarjetas de presentaci\u00f3n<\/h1>\n<h1>Impresi\u00f3n de Tarjeta de Control y Reglamentos Internos para Empresas<\/h1>\n<h1>Impresi\u00f3n de Tarjeta de visitas<\/h1>\n<h1>Impresi\u00f3n de Tarjetas de invitaci\u00f3n<\/h1>\n<\/div>\n<\/div><\/div><\/div><\/div><\/div><\/div><\/section>\n","protected":false},"excerpt":{"rendered":"En Grafimpres, nos destacamos por ofrecer un servicio especializado en la impresi\u00f3n de tarjetas que reflejan calidad y profesionalismo en cada detalle. Ya sea que necesites tarjetas de presentaci\u00f3n elegantes para dejar una impresi\u00f3n duradera en tus contactos comerciales, o tarjetas personalizadas para eventos especiales como bodas, graduaciones o aniversarios, estamos aqu\u00ed para cumplir con...","protected":false},"featured_media":9593,"template":"","meta":[],"product_cat":[114],"product_tag":[],"class_list":{"0":"post-9605","1":"product","2":"type-product","3":"status-publish","4":"has-post-thumbnail","6":"product_cat-novedades","8":"first","9":"instock","10":"shipping-taxable","11":"product-type-simple"},"acf":[],"_links":{"self":[{"href":"https:\/\/grafimpres.cl\/index.php\/wp-json\/wp\/v2\/product\/9605"}],"collection":[{"href":"https:\/\/grafimpres.cl\/index.php\/wp-json\/wp\/v2\/product"}],"about":[{"href":"https:\/\/grafimpres.cl\/index.php\/wp-json\/wp\/v2\/types\/product"}],"wp:featuredmedia":[{"embeddable":true,"href":"https:\/\/grafimpres.cl\/index.php\/wp-json\/wp\/v2\/media\/9593"}],"wp:attachment":[{"href":"https:\/\/grafimpres.cl\/index.php\/wp-json\/wp\/v2\/media?parent=9605"}],"wp:term":[{"taxonomy":"product_cat","embeddable":true,"href":"https:\/\/grafimpres.cl\/index.php\/wp-json\/wp\/v2\/product_cat?post=9605"},{"taxonomy":"product_tag","embeddable":true,"href":"https:\/\/grafimpres.cl\/index.php\/wp-json\/wp\/v2\/product_tag?post=9605"}],"curies":[{"name":"wp","href":"https:\/\/api.w.org\/{rel}","templated":true}]}}