{"id":9591,"date":"2024-07-01T18:52:12","date_gmt":"2024-07-01T18:52:12","guid":{"rendered":"https:\/\/grafimpres.cl\/?post_type=product&#038;p=9591"},"modified":"2024-10-18T19:04:03","modified_gmt":"2024-10-18T19:04:03","slug":"servicios-de-impresion-en-grafimpres","status":"publish","type":"product","link":"https:\/\/grafimpres.cl\/index.php\/producto\/servicios-de-impresion-en-grafimpres\/","title":{"rendered":"Servicios de impresi\u00f3n en Grafimpres"},"content":{"rendered":"<section class=\"l-section wpb_row height_custom\"><div class=\"l-section-h i-cf\"><div class=\"g-cols via_grid cols_1 laptops-cols_inherit tablets-cols_inherit mobiles-cols_1 valign_top type_default\"><div class=\"wpb_column vc_column_container\"><div class=\"vc_column-inner\"><div class=\"wpb_text_column us_custom_a7327e2c has_text_color\"><div class=\"wpb_wrapper\"><p>En Grafimpres, nos especializamos en ofrecer soluciones de impresi\u00f3n de alta calidad para una variedad de necesidades. Ya sea que est\u00e9s buscando imprimir afiches llamativos para promover tu negocio o necesites folletos informativos para un evento especial, estamos aqu\u00ed para ayudarte. Aqu\u00ed tienes un vistazo a los servicios de impresi\u00f3n que ofrecemos:<\/p>\n<ul>\n<li>Impresi\u00f3n de afiches<\/li>\n<li>Impresi\u00f3n de d\u00edpticos y tr\u00edpticos<\/li>\n<li>Impresi\u00f3n de volantes y folletos<\/li>\n<li>Impresi\u00f3n de revistas<\/li>\n<li>Impresi\u00f3n de folletos<\/li>\n<\/ul>\n<p>En Grafimpres, utilizamos tecnolog\u00eda de impresi\u00f3n avanzada y materiales de alta calidad para garantizar resultados impresionantes en cada proyecto. Nuestro equipo est\u00e1 comprometido a proporcionar un servicio al cliente excepcional y asegurar que cada detalle de tu pedido sea manejado con cuidado y precisi\u00f3n.<\/p>\n<p>Explora nuestros servicios de impresi\u00f3n y descubre c\u00f3mo podemos ayudarte a llevar tus ideas desde la pantalla al papel de manera profesional y efectiva. \u00a1cont\u00e1ctanos hoy para comenzar tu pr\u00f3ximo proyecto de impresi\u00f3n con Grafimpres!<\/p>\n<\/div><\/div><div class=\"w-separator size_medium\"><\/div><div class=\"wpb_text_column\"><div class=\"wpb_wrapper\"><div id=\"divtags\">\n<h1>Imprimir afiches<\/h1>\n<h1>Imprimir afiches publicitarios<\/h1>\n<h1>Imprimir d\u00edpticos<\/h1>\n<h1>Imprimir tr\u00edpticos<\/h1>\n<h1>Imprimir volantes<\/h1>\n<h1>Imprimir folletos<\/h1>\n<h1>Imprimir revista<\/h1>\n<\/div>\n<\/div><\/div><\/div><\/div><\/div><\/div><\/section>\n","protected":false},"excerpt":{"rendered":"En Grafimpres, nos especializamos en ofrecer soluciones de impresi\u00f3n de alta calidad para una variedad de necesidades. Ya sea que est\u00e9s buscando imprimir afiches llamativos para promover tu negocio o necesites folletos informativos para un evento especial, estamos aqu\u00ed para ayudarte. Aqu\u00ed tienes un vistazo a los servicios de impresi\u00f3n que ofrecemos: Impresi\u00f3n de afiches...","protected":false},"featured_media":9670,"template":"","meta":[],"product_cat":[114],"product_tag":[],"class_list":{"0":"post-9591","1":"product","2":"type-product","3":"status-publish","4":"has-post-thumbnail","6":"product_cat-novedades","8":"first","9":"instock","10":"shipping-taxable","11":"product-type-simple"},"acf":[],"_links":{"self":[{"href":"https:\/\/grafimpres.cl\/index.php\/wp-json\/wp\/v2\/product\/9591"}],"collection":[{"href":"https:\/\/grafimpres.cl\/index.php\/wp-json\/wp\/v2\/product"}],"about":[{"href":"https:\/\/grafimpres.cl\/index.php\/wp-json\/wp\/v2\/types\/product"}],"wp:featuredmedia":[{"embeddable":true,"href":"https:\/\/grafimpres.cl\/index.php\/wp-json\/wp\/v2\/media\/9670"}],"wp:attachment":[{"href":"https:\/\/grafimpres.cl\/index.php\/wp-json\/wp\/v2\/media?parent=9591"}],"wp:term":[{"taxonomy":"product_cat","embeddable":true,"href":"https:\/\/grafimpres.cl\/index.php\/wp-json\/wp\/v2\/product_cat?post=9591"},{"taxonomy":"product_tag","embeddable":true,"href":"https:\/\/grafimpres.cl\/index.php\/wp-json\/wp\/v2\/product_tag?post=9591"}],"curies":[{"name":"wp","href":"https:\/\/api.w.org\/{rel}","templated":true}]}}