{"id":9104,"date":"2023-03-21T20:00:20","date_gmt":"2023-03-21T20:00:20","guid":{"rendered":"http:\/\/bioplagas.srtv.cl\/?page_id=9104"},"modified":"2024-01-12T18:13:28","modified_gmt":"2024-01-12T18:13:28","slug":"empresa","status":"publish","type":"page","link":"https:\/\/grafimpres.cl\/index.php\/empresa\/","title":{"rendered":"\u00bfQui\u00e9nes Somos?"},"content":{"rendered":"<section class=\"l-section wpb_row height_custom\"><div class=\"l-section-h i-cf\"><div class=\"g-cols via_grid cols_1 laptops-cols_inherit tablets-cols_inherit mobiles-cols_1 valign_top type_default\"><div class=\"wpb_column vc_column_container\"><div class=\"vc_column-inner\"><h1 class=\"w-text us_custom_36c2c134 has_text_color\"><span class=\"w-text-h\"><span class=\"w-text-value\">\u00bfQUI\u00c9NES SOMOS?<\/span><\/span><\/h1><\/div><\/div><\/div><\/div><\/section><section class=\"l-section wpb_row height_custom with_img parallax_ver parallaxdir_reversed\"><div class=\"l-section-img lazyload\" style=\"background-image:inherit;background-repeat: no-repeat;\" data-img-width=\"800\" data-img-height=\"600\" data-bg-image=\"url(https:\/\/grafimpres.cl\/wp-content\/uploads\/2024\/01\/IMPRESION-OFFSET-2-2.png)\"><\/div><div class=\"l-section-h i-cf\"><div class=\"g-cols via_grid cols_1 laptops-cols_inherit tablets-cols_inherit mobiles-cols_1 valign_top type_default\"><div class=\"wpb_column vc_column_container\"><div class=\"vc_column-inner\"><div class=\"wpb_text_column us_custom_60878bac has_text_color\"><div class=\"wpb_wrapper\"><div id=\"content1\" class=\"radius_top alto\">\n<div class=\"wcome\">\n<p>&nbsp;<\/p>\n<p>Con m\u00e1s de 25 a\u00f1os de actividad,\u00a0<strong>GRAFIMPRES<\/strong>\u00a0se ha posicionado como una empresa confiable\u00a0 y comprometida con lo que hace. Nos destacamos por entregar productos a tiempo y de calidad.<\/p>\n<p><strong>MISI\u00d3N:<\/strong>\u00a0Somos una empresa reconocida por su compromiso con los clientes, entregando productos de calidad y ofreciendo atenci\u00f3n personalizada para dar alternativas espec\u00edficas, seg\u00fan las necesidades individuales de quienes conf\u00edan en nuestros servicios.<\/p>\n<p><strong>VISI\u00d3N<\/strong>:\u00a0Dar soluciones a las necesidades de comunicaci\u00f3n impresa de nuestros clientes, poniendo a su alcance todos nuestros recursos para potenciar sus ventas, reforzar su imagen corporativa y optimizar sus comunicaciones.<\/p>\n<p><strong>VALORES<\/strong>: Somos una empresa\u00a0<em>respetuosa con el medio ambiente<\/em>, utilizando solo productos biodegradables. Somos\u00a0<em>confiables<\/em>\u00a0para nuestros clientes, porque cumplimos nuestros compromisos y plazos acordados. Somos\u00a0<em>responsables<\/em>\u00a0con nosotros mismos, al generar un ambiente de trabajo cooperativo y participativo.<\/p>\n<\/div>\n<\/div>\n<div id=\"content2\"><\/div>\n<p><strong>\u00a0<\/strong><\/p>\n<\/div><\/div><\/div><\/div><\/div><\/div><\/section>\n","protected":false},"excerpt":{"rendered":"\u00bfQUI\u00c9NES SOMOS? &nbsp; Con m\u00e1s de 25 a\u00f1os de actividad,\u00a0GRAFIMPRES\u00a0se ha posicionado como una empresa confiable\u00a0 y comprometida con lo que hace. Nos destacamos por entregar productos a tiempo y de calidad. MISI\u00d3N:\u00a0Somos una empresa reconocida por su compromiso con los clientes, entregando productos de calidad y ofreciendo atenci\u00f3n personalizada para dar alternativas espec\u00edficas, seg\u00fan...","protected":false},"author":3,"featured_media":0,"parent":0,"menu_order":0,"comment_status":"closed","ping_status":"closed","template":"","meta":{"footnotes":""},"class_list":["post-9104","page","type-page","status-publish","hentry"],"acf":[],"_links":{"self":[{"href":"https:\/\/grafimpres.cl\/index.php\/wp-json\/wp\/v2\/pages\/9104"}],"collection":[{"href":"https:\/\/grafimpres.cl\/index.php\/wp-json\/wp\/v2\/pages"}],"about":[{"href":"https:\/\/grafimpres.cl\/index.php\/wp-json\/wp\/v2\/types\/page"}],"author":[{"embeddable":true,"href":"https:\/\/grafimpres.cl\/index.php\/wp-json\/wp\/v2\/users\/3"}],"replies":[{"embeddable":true,"href":"https:\/\/grafimpres.cl\/index.php\/wp-json\/wp\/v2\/comments?post=9104"}],"version-history":[{"count":11,"href":"https:\/\/grafimpres.cl\/index.php\/wp-json\/wp\/v2\/pages\/9104\/revisions"}],"predecessor-version":[{"id":9458,"href":"https:\/\/grafimpres.cl\/index.php\/wp-json\/wp\/v2\/pages\/9104\/revisions\/9458"}],"wp:attachment":[{"href":"https:\/\/grafimpres.cl\/index.php\/wp-json\/wp\/v2\/media?parent=9104"}],"curies":[{"name":"wp","href":"https:\/\/api.w.org\/{rel}","templated":true}]}}